{"id":2,"date":"2010-02-24T15:30:05","date_gmt":"2010-02-24T15:30:05","guid":{"rendered":"https:\/\/pascale.nfshost.com\/\/?page_id=2"},"modified":"2013-01-15T19:45:30","modified_gmt":"2013-01-15T19:45:30","slug":"a-propos","status":"publish","type":"page","link":"https:\/\/pascale-hug.ch\/?page_id=2","title":{"rendered":"Photographes"},"content":{"rendered":"<p><a href=\"http:\/\/www.anoush.ch\" target=\"_blank\">Anoush et Aim\u00e9e<\/a><a href=\"http:\/\/www.christiancoigny.com\/\" target=\"_blank\"><br \/>\n<\/a><a href=\"http:\/\/www.cedricwidmer.ch\/\" target=\"_blank\">Cedric Widmer<\/a><br \/>\n<a href=\"http:\/\/www.christiancoigny.com\/\" target=\"_blank\">Christian Coigny<\/a><br \/>\n<a href=\"http:\/\/www.mayenfisch.com\/fr\/\" target=\"_blank\">David Mayenfish<br \/>\n<\/a><a href=\"http:\/\/www.davolosteiner.com\/\" target=\"_self\">Davolo Steiner<\/a><br \/>\n<a href=\"http:\/\/www.fredchapotat.com\/\" target=\"_blank\">Fred Chapotat<\/a><a href=\"http:\/\/www.anoush.ch\" target=\"_blank\"><br \/>\n<\/a><a href=\"http:\/\/www.capt.ch\/\" target=\"_blank\">Jean Claude Capt<\/a><a href=\"http:\/\/www.joelvonallmen.com\/\" target=\"_blank\"><br \/>\nJo\u00ebl Von Allmen<\/a><a href=\"http:\/\/www.marcninghetto.ch\/\" target=\"_blank\"><br \/>\nLionel D\u00e9riaz<br \/>\nMarc Ninghetto<br \/>\n<\/a><a href=\"http:\/\/www.melissahostetler.com\/\" target=\"_blank\">Melissa Hostetler<\/a><br \/>\n<a href=\"http:\/\/studiocurrat.com\/\" target=\"_blank\">Olivier Currat<\/a><a href=\"http:\/\/www.sebmichel.ch\/\" target=\"_blank\"><br \/>\nSeb Michel<\/a><a href=\"http:\/\/www.joelvonallmen.com\/\" target=\"_blank\"><br \/>\n<\/a><a href=\"http:\/\/www.lumierenoire.ch\/\" target=\"_blank\">St\u00e9phane Gros<\/a><br \/>\n<a href=\"http:\/\/www.image-in.ch\/\">Thierry Pradervant<\/a><a href=\"http:\/\/www.mayenfisch.com\/fr\/\" target=\"_blank\"><br \/>\n<\/a><a href=\"http:\/\/www.thomasbrasey.com\/\" target=\"_blank\">Thomas Brasey<\/a><br \/>\n<a href=\"http:\/\/www.ulyssesworks.com\/\" target=\"_blank\">Ulysse Frechelin<\/a><a href=\"http:\/\/www.mitsu120.com\/\" target=\"_blank\"><br \/>\nVincent Calmel<br \/>\nYann Andr\u00e9<br \/>\n<\/a><\/p>\n","protected":false},"excerpt":{"rendered":"<p>Anoush et Aim\u00e9e Cedric Widmer Christian Coigny David Mayenfish Davolo Steiner Fred Chapotat Jean Claude Capt Jo\u00ebl Von Allmen Lionel D\u00e9riaz Marc Ninghetto Melissa Hostetler Olivier Currat Seb Michel St\u00e9phane Gros Thierry Pradervant Thomas Brasey Ulysse Frechelin Vincent Calmel Yann Andr\u00e9<\/p>\n","protected":false},"author":1,"featured_media":0,"parent":0,"menu_order":2,"comment_status":"open","ping_status":"open","template":"","meta":{"footnotes":""},"_links":{"self":[{"href":"https:\/\/pascale-hug.ch\/index.php?rest_route=\/wp\/v2\/pages\/2"}],"collection":[{"href":"https:\/\/pascale-hug.ch\/index.php?rest_route=\/wp\/v2\/pages"}],"about":[{"href":"https:\/\/pascale-hug.ch\/index.php?rest_route=\/wp\/v2\/types\/page"}],"author":[{"embeddable":true,"href":"https:\/\/pascale-hug.ch\/index.php?rest_route=\/wp\/v2\/users\/1"}],"replies":[{"embeddable":true,"href":"https:\/\/pascale-hug.ch\/index.php?rest_route=%2Fwp%2Fv2%2Fcomments&post=2"}],"version-history":[{"count":8,"href":"https:\/\/pascale-hug.ch\/index.php?rest_route=\/wp\/v2\/pages\/2\/revisions"}],"predecessor-version":[{"id":366,"href":"https:\/\/pascale-hug.ch\/index.php?rest_route=\/wp\/v2\/pages\/2\/revisions\/366"}],"wp:attachment":[{"href":"https:\/\/pascale-hug.ch\/index.php?rest_route=%2Fwp%2Fv2%2Fmedia&parent=2"}],"curies":[{"name":"wp","href":"https:\/\/api.w.org\/{rel}","templated":true}]}}